{"id":10,"date":"2025-03-21T18:17:10","date_gmt":"2025-03-21T18:17:10","guid":{"rendered":"https:\/\/nogalesdelvalle.com.ar\/?page_id=10"},"modified":"2025-06-26T19:51:41","modified_gmt":"2025-06-26T19:51:41","slug":"inicio","status":"publish","type":"page","link":"https:\/\/nogalesdelvalle.com.ar\/","title":{"rendered":"Inicio"},"content":{"rendered":"\t\t<div data-elementor-type=\"wp-page\" data-elementor-id=\"10\" class=\"elementor elementor-10\">\n\t\t\t\t<div class=\"elementor-element elementor-element-cd139a3 e-flex e-con-boxed e-con e-parent\" data-id=\"cd139a3\" data-element_type=\"container\" data-e-type=\"container\" data-settings=\"{&quot;background_background&quot;:&quot;slideshow&quot;,&quot;background_slideshow_gallery&quot;:[{&quot;id&quot;:63,&quot;url&quot;:&quot;https:\\\/\\\/nogalesdelvalle.com.ar\\\/wp-content\\\/uploads\\\/2025\\\/04\\\/Sin-titulo-1.jpg&quot;},{&quot;id&quot;:59,&quot;url&quot;:&quot;https:\\\/\\\/nogalesdelvalle.com.ar\\\/wp-content\\\/uploads\\\/2025\\\/04\\\/44815434_10156101658257869_2571798993478615040_n-1.jpg&quot;},{&quot;id&quot;:60,&quot;url&quot;:&quot;https:\\\/\\\/nogalesdelvalle.com.ar\\\/wp-content\\\/uploads\\\/2025\\\/04\\\/IMG_773DOG.jpg&quot;},{&quot;id&quot;:61,&quot;url&quot;:&quot;https:\\\/\\\/nogalesdelvalle.com.ar\\\/wp-content\\\/uploads\\\/2025\\\/04\\\/IMG_3760.jpg&quot;},{&quot;id&quot;:62,&quot;url&quot;:&quot;https:\\\/\\\/nogalesdelvalle.com.ar\\\/wp-content\\\/uploads\\\/2025\\\/04\\\/WhatsApp-Image-2022-06-06-at-7.32.58-PM-1.jpg&quot;}],&quot;background_slideshow_loop&quot;:&quot;yes&quot;,&quot;background_slideshow_slide_duration&quot;:5000,&quot;background_slideshow_slide_transition&quot;:&quot;fade&quot;,&quot;background_slideshow_transition_duration&quot;:500}\">\n\t\t\t\t\t<div class=\"e-con-inner\">\n\t\t\t\t<div class=\"elementor-element elementor-element-0b54d1d elementor-widget elementor-widget-spacer\" data-id=\"0b54d1d\" data-element_type=\"widget\" data-e-type=\"widget\" data-widget_type=\"spacer.default\">\n\t\t\t\t<div class=\"elementor-widget-container\">\n\t\t\t\t\t\t\t<div class=\"elementor-spacer\">\n\t\t\t<div class=\"elementor-spacer-inner\"><\/div>\n\t\t<\/div>\n\t\t\t\t\t\t<\/div>\n\t\t\t\t<\/div>\n\t\t\t\t<div class=\"elementor-element elementor-element-08a4f04 elementor-widget elementor-widget-heading\" data-id=\"08a4f04\" data-element_type=\"widget\" data-e-type=\"widget\" data-widget_type=\"heading.default\">\n\t\t\t\t<div class=\"elementor-widget-container\">\n\t\t\t\t\t<h2 class=\"elementor-heading-title elementor-size-default\">Chacras productivas agroecol\u00f3gicas en Traslasierra, C\u00f3rdoba<\/h2>\t\t\t\t<\/div>\n\t\t\t\t<\/div>\n\t\t\t\t<div class=\"elementor-element elementor-element-f3b98bc elementor-widget elementor-widget-spacer\" data-id=\"f3b98bc\" data-element_type=\"widget\" data-e-type=\"widget\" data-widget_type=\"spacer.default\">\n\t\t\t\t<div class=\"elementor-widget-container\">\n\t\t\t\t\t\t\t<div class=\"elementor-spacer\">\n\t\t\t<div class=\"elementor-spacer-inner\"><\/div>\n\t\t<\/div>\n\t\t\t\t\t\t<\/div>\n\t\t\t\t<\/div>\n\t\t\t\t\t<\/div>\n\t\t\t\t<\/div>\n\t\t<div class=\"elementor-element elementor-element-e361b62 e-flex e-con-boxed e-con e-parent\" data-id=\"e361b62\" data-element_type=\"container\" data-e-type=\"container\" data-settings=\"{&quot;background_background&quot;:&quot;classic&quot;}\">\n\t\t\t\t\t<div class=\"e-con-inner\">\n\t\t<div class=\"elementor-element elementor-element-e6ccec5 e-con-full e-flex e-con e-child\" data-id=\"e6ccec5\" data-element_type=\"container\" data-e-type=\"container\">\n\t\t\t\t<\/div>\n\t\t<div class=\"elementor-element elementor-element-cc68e79 e-con-full e-flex e-con e-child\" data-id=\"cc68e79\" data-element_type=\"container\" data-e-type=\"container\">\n\t\t\t\t<div class=\"elementor-element elementor-element-e1162c6 elementor-widget elementor-widget-text-editor\" data-id=\"e1162c6\" data-element_type=\"widget\" data-e-type=\"widget\" data-widget_type=\"text-editor.default\">\n\t\t\t\t<div class=\"elementor-widget-container\">\n\t\t\t\t\t\t\t\t\t<p class=\"\" data-start=\"267\" data-end=\"981\"><img decoding=\"async\" class=\"emoji\" role=\"img\" draggable=\"false\" src=\"https:\/\/s.w.org\/images\/core\/emoji\/15.1.0\/svg\/1f33f.svg\" alt=\"\ud83c\udf3f\" \/> <strong data-start=\"270\" data-end=\"321\">Chacras de 5 hect\u00e1reas para vivienda y producci\u00f3n org\u00e1nica<\/strong> en un entorno natural \u00fanico.<\/p><p class=\"\" data-start=\"267\" data-end=\"981\"><img decoding=\"async\" class=\"emoji\" role=\"img\" draggable=\"false\" src=\"https:\/\/s.w.org\/images\/core\/emoji\/15.1.0\/svg\/1f4cd.svg\" alt=\"\ud83d\udccd\" \/> Ubicadas en Traslasierra, C\u00f3rdoba, a solo 10 km de Merlo (San Luis).<br \/><br data-start=\"424\" data-end=\"427\" \/><img decoding=\"async\" class=\"emoji\" role=\"img\" draggable=\"false\" src=\"https:\/\/s.w.org\/images\/core\/emoji\/15.1.0\/svg\/1f4dc.svg\" alt=\"\ud83d\udcdc\" \/> <strong data-start=\"430\" data-end=\"453\">Escritura inmediata<\/strong>.<\/p><p class=\"\" data-start=\"267\" data-end=\"981\"><img decoding=\"async\" class=\"emoji\" role=\"img\" draggable=\"false\" src=\"https:\/\/s.w.org\/images\/core\/emoji\/15.1.0\/svg\/1f4b0.svg\" alt=\"\ud83d\udcb0\" \/> <strong data-start=\"460\" data-end=\"489\">Financiamiento disponible<\/strong>, adaptado a cada proyecto de vida.<\/p><p class=\"\" data-start=\"267\" data-end=\"981\"><img decoding=\"async\" class=\"emoji\" role=\"img\" draggable=\"false\" src=\"https:\/\/s.w.org\/images\/core\/emoji\/15.1.0\/svg\/1f33e.svg\" alt=\"\ud83c\udf3e\" \/> Opciones con <strong data-start=\"543\" data-end=\"569\">nogales ya implantados<\/strong>, sin nogales (aptas para otras producciones) y con nogales de 2 a\u00f1os o m\u00e1s.<\/p><p class=\"\" data-start=\"267\" data-end=\"981\"><img decoding=\"async\" class=\"emoji\" role=\"img\" draggable=\"false\" src=\"https:\/\/s.w.org\/images\/core\/emoji\/15.1.0\/svg\/1f4a7.svg\" alt=\"\ud83d\udca7\" \/> Riego por goteo desde perforaci\u00f3n com\u00fan (130 m de profundidad, bomba a 75 m).<\/p><p class=\"\" data-start=\"983\" data-end=\"1037\">Consultanos si quer\u00e9s m\u00e1s info o agendar una visita <img decoding=\"async\" class=\"emoji\" role=\"img\" draggable=\"false\" src=\"https:\/\/s.w.org\/images\/core\/emoji\/15.1.0\/svg\/1f91d.svg\" alt=\"\ud83e\udd1d\" \/><\/p>\t\t\t\t\t\t\t\t<\/div>\n\t\t\t\t<\/div>\n\t\t\t\t<\/div>\n\t\t<div class=\"elementor-element elementor-element-5c7164e e-con-full e-flex e-con e-child\" data-id=\"5c7164e\" data-element_type=\"container\" data-e-type=\"container\">\n\t\t\t\t<\/div>\n\t\t\t\t\t<\/div>\n\t\t\t\t<\/div>\n\t\t<div class=\"elementor-element elementor-element-0a5a642 e-flex e-con-boxed e-con e-parent\" data-id=\"0a5a642\" data-element_type=\"container\" data-e-type=\"container\" data-settings=\"{&quot;background_background&quot;:&quot;classic&quot;}\">\n\t\t\t\t\t<div class=\"e-con-inner\">\n\t\t\t\t<div class=\"elementor-element elementor-element-2c38730 elementor-widget elementor-widget-heading\" data-id=\"2c38730\" data-element_type=\"widget\" data-e-type=\"widget\" data-widget_type=\"heading.default\">\n\t\t\t\t<div class=\"elementor-widget-container\">\n\t\t\t\t\t<h2 class=\"elementor-heading-title elementor-size-default\">Lotes con escritura inmediata<\/h2>\t\t\t\t<\/div>\n\t\t\t\t<\/div>\n\t\t\t\t<div class=\"elementor-element elementor-element-b01ba59 elementor-widget elementor-widget-image\" data-id=\"b01ba59\" data-element_type=\"widget\" data-e-type=\"widget\" data-widget_type=\"image.default\">\n\t\t\t\t<div class=\"elementor-widget-container\">\n\t\t\t\t\t\t\t\t\t\t\t\t\t\t\t<img fetchpriority=\"high\" decoding=\"async\" width=\"800\" height=\"373\" src=\"https:\/\/nogalesdelvalle.com.ar\/wp-content\/uploads\/2025\/04\/mapa-de-chacras-1024x477.jpg\" class=\"attachment-large size-large wp-image-46\" alt=\"\" srcset=\"https:\/\/nogalesdelvalle.com.ar\/wp-content\/uploads\/2025\/04\/mapa-de-chacras-1024x477.jpg 1024w, https:\/\/nogalesdelvalle.com.ar\/wp-content\/uploads\/2025\/04\/mapa-de-chacras-300x140.jpg 300w, https:\/\/nogalesdelvalle.com.ar\/wp-content\/uploads\/2025\/04\/mapa-de-chacras-768x357.jpg 768w, https:\/\/nogalesdelvalle.com.ar\/wp-content\/uploads\/2025\/04\/mapa-de-chacras-1536x715.jpg 1536w, https:\/\/nogalesdelvalle.com.ar\/wp-content\/uploads\/2025\/04\/mapa-de-chacras-2048x953.jpg 2048w\" sizes=\"(max-width: 800px) 100vw, 800px\" \/>\t\t\t\t\t\t\t\t\t\t\t\t\t\t\t<\/div>\n\t\t\t\t<\/div>\n\t\t\t\t<div class=\"elementor-element elementor-element-e5aa31d elementor-align-center elementor-icon-list--layout-traditional elementor-list-item-link-full_width elementor-widget elementor-widget-icon-list\" data-id=\"e5aa31d\" data-element_type=\"widget\" data-e-type=\"widget\" data-widget_type=\"icon-list.default\">\n\t\t\t\t<div class=\"elementor-widget-container\">\n\t\t\t\t\t\t\t<ul class=\"elementor-icon-list-items\">\n\t\t\t\t\t\t\t<li class=\"elementor-icon-list-item\">\n\t\t\t\t\t\t\t\t\t\t\t<span class=\"elementor-icon-list-icon\">\n\t\t\t\t\t\t\t<svg aria-hidden=\"true\" class=\"e-font-icon-svg e-fas-map-marker-alt\" viewBox=\"0 0 384 512\" xmlns=\"http:\/\/www.w3.org\/2000\/svg\"><path d=\"M172.268 501.67C26.97 291.031 0 269.413 0 192 0 85.961 85.961 0 192 0s192 85.961 192 192c0 77.413-26.97 99.031-172.268 309.67-9.535 13.774-29.93 13.773-39.464 0zM192 272c44.183 0 80-35.817 80-80s-35.817-80-80-80-80 35.817-80 80 35.817 80 80 80z\"><\/path><\/svg>\t\t\t\t\t\t<\/span>\n\t\t\t\t\t\t\t\t\t\t<span class=\"elementor-icon-list-text\">A 10 km de Merlo, San Luis y a 14 km de La Paz<\/span>\n\t\t\t\t\t\t\t\t\t<\/li>\n\t\t\t\t\t\t<\/ul>\n\t\t\t\t\t\t<\/div>\n\t\t\t\t<\/div>\n\t\t\t\t<div class=\"elementor-element elementor-element-e29747f elementor-widget elementor-widget-spacer\" data-id=\"e29747f\" data-element_type=\"widget\" data-e-type=\"widget\" data-widget_type=\"spacer.default\">\n\t\t\t\t<div class=\"elementor-widget-container\">\n\t\t\t\t\t\t\t<div class=\"elementor-spacer\">\n\t\t\t<div class=\"elementor-spacer-inner\"><\/div>\n\t\t<\/div>\n\t\t\t\t\t\t<\/div>\n\t\t\t\t<\/div>\n\t\t\t\t\t<\/div>\n\t\t\t\t<\/div>\n\t\t<div class=\"elementor-element elementor-element-79a7064 e-flex e-con-boxed e-con e-parent\" data-id=\"79a7064\" data-element_type=\"container\" data-e-type=\"container\" data-settings=\"{&quot;background_background&quot;:&quot;classic&quot;}\">\n\t\t\t\t\t<div class=\"e-con-inner\">\n\t\t<div class=\"elementor-element elementor-element-210e0f2 e-con-full e-flex e-con e-child\" data-id=\"210e0f2\" data-element_type=\"container\" data-e-type=\"container\">\n\t\t\t\t<\/div>\n\t\t<div class=\"elementor-element elementor-element-c699f73 e-con-full e-flex e-con e-child\" data-id=\"c699f73\" data-element_type=\"container\" data-e-type=\"container\">\n\t\t\t\t<div class=\"elementor-element elementor-element-8fb1c6d elementor-widget elementor-widget-spacer\" data-id=\"8fb1c6d\" data-element_type=\"widget\" data-e-type=\"widget\" data-widget_type=\"spacer.default\">\n\t\t\t\t<div class=\"elementor-widget-container\">\n\t\t\t\t\t\t\t<div class=\"elementor-spacer\">\n\t\t\t<div class=\"elementor-spacer-inner\"><\/div>\n\t\t<\/div>\n\t\t\t\t\t\t<\/div>\n\t\t\t\t<\/div>\n\t\t\t\t<div class=\"elementor-element elementor-element-9a2a7f4 elementor-widget elementor-widget-heading\" data-id=\"9a2a7f4\" data-element_type=\"widget\" data-e-type=\"widget\" data-widget_type=\"heading.default\">\n\t\t\t\t<div class=\"elementor-widget-container\">\n\t\t\t\t\t<h2 class=\"elementor-heading-title elementor-size-default\">Una inversi\u00f3n en tu estilo de vida<\/h2>\t\t\t\t<\/div>\n\t\t\t\t<\/div>\n\t\t\t\t<div class=\"elementor-element elementor-element-ffd8fd6 elementor-widget elementor-widget-text-editor\" data-id=\"ffd8fd6\" data-element_type=\"widget\" data-e-type=\"widget\" data-widget_type=\"text-editor.default\">\n\t\t\t\t<div class=\"elementor-widget-container\">\n\t\t\t\t\t\t\t\t\t<p>Una comunidad de <strong>chacras<\/strong>\u00a0asentada en <strong>Traslasierra, C\u00f3rdoba.<\/strong><\/p>\t\t\t\t\t\t\t\t<\/div>\n\t\t\t\t<\/div>\n\t\t\t\t<div class=\"elementor-element elementor-element-ac52064 elementor-widget elementor-widget-spacer\" data-id=\"ac52064\" data-element_type=\"widget\" data-e-type=\"widget\" data-widget_type=\"spacer.default\">\n\t\t\t\t<div class=\"elementor-widget-container\">\n\t\t\t\t\t\t\t<div class=\"elementor-spacer\">\n\t\t\t<div class=\"elementor-spacer-inner\"><\/div>\n\t\t<\/div>\n\t\t\t\t\t\t<\/div>\n\t\t\t\t<\/div>\n\t\t\t\t<\/div>\n\t\t<div class=\"elementor-element elementor-element-dcc3907 e-con-full e-flex e-con e-child\" data-id=\"dcc3907\" data-element_type=\"container\" data-e-type=\"container\">\n\t\t\t\t<\/div>\n\t\t\t\t\t<\/div>\n\t\t\t\t<\/div>\n\t\t<div class=\"elementor-element elementor-element-112f8a3 e-flex e-con-boxed e-con e-parent\" data-id=\"112f8a3\" data-element_type=\"container\" data-e-type=\"container\" data-settings=\"{&quot;background_background&quot;:&quot;classic&quot;}\">\n\t\t\t\t\t<div class=\"e-con-inner\">\n\t\t<div class=\"elementor-element elementor-element-8827d53 e-con-full e-flex e-con e-child\" data-id=\"8827d53\" data-element_type=\"container\" data-e-type=\"container\">\n\t\t\t\t<div class=\"elementor-element elementor-element-ee34133 elementor-widget elementor-widget-image\" data-id=\"ee34133\" data-element_type=\"widget\" data-e-type=\"widget\" data-widget_type=\"image.default\">\n\t\t\t\t<div class=\"elementor-widget-container\">\n\t\t\t\t\t\t\t\t\t\t\t\t\t\t\t<img decoding=\"async\" width=\"320\" height=\"320\" src=\"https:\/\/nogalesdelvalle.com.ar\/wp-content\/uploads\/2025\/03\/121196383_1784518018366007_2143430171420438473_n.jpg\" class=\"attachment-large size-large wp-image-21\" alt=\"\" srcset=\"https:\/\/nogalesdelvalle.com.ar\/wp-content\/uploads\/2025\/03\/121196383_1784518018366007_2143430171420438473_n.jpg 320w, https:\/\/nogalesdelvalle.com.ar\/wp-content\/uploads\/2025\/03\/121196383_1784518018366007_2143430171420438473_n-300x300.jpg 300w, https:\/\/nogalesdelvalle.com.ar\/wp-content\/uploads\/2025\/03\/121196383_1784518018366007_2143430171420438473_n-150x150.jpg 150w\" sizes=\"(max-width: 320px) 100vw, 320px\" \/>\t\t\t\t\t\t\t\t\t\t\t\t\t\t\t<\/div>\n\t\t\t\t<\/div>\n\t\t\t\t<\/div>\n\t\t<div class=\"elementor-element elementor-element-5ce89d8 e-con-full e-flex e-con e-child\" data-id=\"5ce89d8\" data-element_type=\"container\" data-e-type=\"container\">\n\t\t\t\t<div class=\"elementor-element elementor-element-0f85c4b elementor-widget elementor-widget-image\" data-id=\"0f85c4b\" data-element_type=\"widget\" data-e-type=\"widget\" data-widget_type=\"image.default\">\n\t\t\t\t<div class=\"elementor-widget-container\">\n\t\t\t\t\t\t\t\t\t\t\t\t\t\t\t<img decoding=\"async\" width=\"320\" height=\"320\" src=\"https:\/\/nogalesdelvalle.com.ar\/wp-content\/uploads\/2025\/03\/121372755_188105932873948_6344645598217821252_n.jpg\" class=\"attachment-large size-large wp-image-20\" alt=\"\" srcset=\"https:\/\/nogalesdelvalle.com.ar\/wp-content\/uploads\/2025\/03\/121372755_188105932873948_6344645598217821252_n.jpg 320w, https:\/\/nogalesdelvalle.com.ar\/wp-content\/uploads\/2025\/03\/121372755_188105932873948_6344645598217821252_n-300x300.jpg 300w, https:\/\/nogalesdelvalle.com.ar\/wp-content\/uploads\/2025\/03\/121372755_188105932873948_6344645598217821252_n-150x150.jpg 150w\" sizes=\"(max-width: 320px) 100vw, 320px\" \/>\t\t\t\t\t\t\t\t\t\t\t\t\t\t\t<\/div>\n\t\t\t\t<\/div>\n\t\t\t\t<\/div>\n\t\t<div class=\"elementor-element elementor-element-34013a9 e-con-full e-flex e-con e-child\" data-id=\"34013a9\" data-element_type=\"container\" data-e-type=\"container\">\n\t\t\t\t<div class=\"elementor-element elementor-element-62dcab1 elementor-widget elementor-widget-image\" data-id=\"62dcab1\" data-element_type=\"widget\" data-e-type=\"widget\" data-widget_type=\"image.default\">\n\t\t\t\t<div class=\"elementor-widget-container\">\n\t\t\t\t\t\t\t\t\t\t\t\t\t\t\t<img loading=\"lazy\" decoding=\"async\" width=\"320\" height=\"320\" src=\"https:\/\/nogalesdelvalle.com.ar\/wp-content\/uploads\/2025\/03\/121504599_219416379546648_1581200838260347204_n.jpg\" class=\"attachment-large size-large wp-image-19\" alt=\"\" srcset=\"https:\/\/nogalesdelvalle.com.ar\/wp-content\/uploads\/2025\/03\/121504599_219416379546648_1581200838260347204_n.jpg 320w, https:\/\/nogalesdelvalle.com.ar\/wp-content\/uploads\/2025\/03\/121504599_219416379546648_1581200838260347204_n-300x300.jpg 300w, https:\/\/nogalesdelvalle.com.ar\/wp-content\/uploads\/2025\/03\/121504599_219416379546648_1581200838260347204_n-150x150.jpg 150w\" sizes=\"(max-width: 320px) 100vw, 320px\" \/>\t\t\t\t\t\t\t\t\t\t\t\t\t\t\t<\/div>\n\t\t\t\t<\/div>\n\t\t\t\t<\/div>\n\t\t\t\t\t<\/div>\n\t\t\t\t<\/div>\n\t\t<div class=\"elementor-element elementor-element-dbce308 e-flex e-con-boxed e-con e-parent\" data-id=\"dbce308\" data-element_type=\"container\" data-e-type=\"container\">\n\t\t\t\t\t<div class=\"e-con-inner\">\n\t\t\t\t<div class=\"elementor-element elementor-element-e8afe9f elementor-widget elementor-widget-html\" data-id=\"e8afe9f\" data-element_type=\"widget\" data-e-type=\"widget\" data-widget_type=\"html.default\">\n\t\t\t\t<div class=\"elementor-widget-container\">\n\t\t\t\t\t<iframe src=\"https:\/\/www.google.com\/maps\/embed?pb=!1m18!1m12!1m3!1d3999.6655041490485!2d-65.07435080799783!3d-32.316244371005716!2m3!1f0!2f0!3f0!3m2!1i1024!2i768!4f13.1!3m3!1m2!1s0x95d2e15408a6577d%3A0x43841c2f13113ed0!2sNogales%20Del%20Valle!5e1!3m2!1ses!2sar!4v1750710965988!5m2!1ses!2sar\" width=\"600\" height=\"450\" style=\"border:0;\" allowfullscreen=\"\" loading=\"lazy\" referrerpolicy=\"no-referrer-when-downgrade\"><\/iframe>\t\t\t\t<\/div>\n\t\t\t\t<\/div>\n\t\t\t\t\t<\/div>\n\t\t\t\t<\/div>\n\t\t<div class=\"elementor-element elementor-element-f9d1888 e-flex e-con-boxed e-con e-parent\" data-id=\"f9d1888\" data-element_type=\"container\" data-e-type=\"container\" id=\"contacto\" data-settings=\"{&quot;background_background&quot;:&quot;classic&quot;}\">\n\t\t\t\t\t<div class=\"e-con-inner\">\n\t\t<div class=\"elementor-element elementor-element-aa3d0b4 e-con-full e-flex e-con e-child\" data-id=\"aa3d0b4\" data-element_type=\"container\" data-e-type=\"container\">\n\t\t\t\t<\/div>\n\t\t<div class=\"elementor-element elementor-element-f27862a e-con-full e-flex e-con e-child\" data-id=\"f27862a\" data-element_type=\"container\" data-e-type=\"container\">\n\t\t\t\t<div class=\"elementor-element elementor-element-69b43dd elementor-widget elementor-widget-heading\" data-id=\"69b43dd\" data-element_type=\"widget\" data-e-type=\"widget\" data-widget_type=\"heading.default\">\n\t\t\t\t<div class=\"elementor-widget-container\">\n\t\t\t\t\t<h2 class=\"elementor-heading-title elementor-size-default\">Contacto<\/h2>\t\t\t\t<\/div>\n\t\t\t\t<\/div>\n\t\t\t\t<div class=\"elementor-element elementor-element-deb29cd elementor-widget elementor-widget-elementskit-contact-form7\" data-id=\"deb29cd\" data-element_type=\"widget\" data-e-type=\"widget\" data-widget_type=\"elementskit-contact-form7.default\">\n\t\t\t\t<div class=\"elementor-widget-container\">\n\t\t\t\t\t<div class=\"ekit-wid-con\" ><div class=\"ekit-form\">\n<div class=\"wpcf7 no-js\" id=\"wpcf7-f90-p10-o1\" lang=\"es-ES\" dir=\"ltr\" data-wpcf7-id=\"90\">\n<div class=\"screen-reader-response\"><p role=\"status\" aria-live=\"polite\" aria-atomic=\"true\"><\/p> <ul><\/ul><\/div>\n<form action=\"\/#wpcf7-f90-p10-o1\" method=\"post\" class=\"wpcf7-form init\" aria-label=\"Formulario de contacto\" novalidate=\"novalidate\" data-status=\"init\">\n<fieldset class=\"hidden-fields-container\"><input type=\"hidden\" name=\"_wpcf7\" value=\"90\" \/><input type=\"hidden\" name=\"_wpcf7_version\" value=\"6.1.5\" \/><input type=\"hidden\" name=\"_wpcf7_locale\" value=\"es_ES\" \/><input type=\"hidden\" name=\"_wpcf7_unit_tag\" value=\"wpcf7-f90-p10-o1\" \/><input type=\"hidden\" name=\"_wpcf7_container_post\" value=\"10\" \/><input type=\"hidden\" name=\"_wpcf7_posted_data_hash\" value=\"\" \/>\n<\/fieldset>\n<p><label> Tu nombre<br \/>\n<span class=\"wpcf7-form-control-wrap\" data-name=\"your-name\"><input size=\"40\" maxlength=\"400\" class=\"wpcf7-form-control wpcf7-text wpcf7-validates-as-required\" autocomplete=\"name\" aria-required=\"true\" aria-invalid=\"false\" value=\"\" type=\"text\" name=\"your-name\" \/><\/span> <\/label>\n<\/p>\n<p><label> Tu correo electr\u00f3nico<br \/>\n<span class=\"wpcf7-form-control-wrap\" data-name=\"your-email\"><input size=\"40\" maxlength=\"400\" class=\"wpcf7-form-control wpcf7-email wpcf7-validates-as-required wpcf7-text wpcf7-validates-as-email\" autocomplete=\"email\" aria-required=\"true\" aria-invalid=\"false\" value=\"\" type=\"email\" name=\"your-email\" \/><\/span> <\/label>\n<\/p>\n<p><label> Tu tel\u00e9fono<br \/>\n<span class=\"wpcf7-form-control-wrap\" data-name=\"your-phone\"><input size=\"40\" maxlength=\"400\" class=\"wpcf7-form-control wpcf7-tel wpcf7-validates-as-required wpcf7-text wpcf7-validates-as-tel\" autocomplete=\"tel\" aria-required=\"true\" aria-invalid=\"false\" value=\"\" type=\"tel\" name=\"your-phone\" \/><\/span> <\/label>\n<\/p>\n<p><label> Asunto<br \/>\n<span class=\"wpcf7-form-control-wrap\" data-name=\"your-subject\"><input size=\"40\" maxlength=\"400\" class=\"wpcf7-form-control wpcf7-text wpcf7-validates-as-required\" aria-required=\"true\" aria-invalid=\"false\" value=\"\" type=\"text\" name=\"your-subject\" \/><\/span> <\/label>\n<\/p>\n<p><label> Tu mensaje (opcional)<br \/>\n<span class=\"wpcf7-form-control-wrap\" data-name=\"your-message\"><textarea cols=\"40\" rows=\"10\" maxlength=\"2000\" class=\"wpcf7-form-control wpcf7-textarea\" aria-invalid=\"false\" name=\"your-message\"><\/textarea><\/span> <\/label>\n<\/p>\n<p><input class=\"wpcf7-form-control wpcf7-submit has-spinner\" type=\"submit\" value=\"Enviar\" \/>\n<\/p><div class=\"wpcf7-response-output\" aria-hidden=\"true\"><\/div>\n<\/form>\n<\/div>\n<\/div><\/div>\t\t\t\t<\/div>\n\t\t\t\t<\/div>\n\t\t\t\t<\/div>\n\t\t<div class=\"elementor-element elementor-element-873eb68 e-con-full e-flex e-con e-child\" data-id=\"873eb68\" data-element_type=\"container\" data-e-type=\"container\">\n\t\t\t\t<\/div>\n\t\t\t\t\t<\/div>\n\t\t\t\t<\/div>\n\t\t<div class=\"elementor-element elementor-element-21f5501 e-flex e-con-boxed e-con e-parent\" data-id=\"21f5501\" data-element_type=\"container\" data-e-type=\"container\">\n\t\t\t\t\t<div class=\"e-con-inner\">\n\t\t\t\t<div class=\"elementor-element elementor-element-b9a481c elementor-widget elementor-widget-spacer\" data-id=\"b9a481c\" data-element_type=\"widget\" data-e-type=\"widget\" data-widget_type=\"spacer.default\">\n\t\t\t\t<div class=\"elementor-widget-container\">\n\t\t\t\t\t\t\t<div class=\"elementor-spacer\">\n\t\t\t<div class=\"elementor-spacer-inner\"><\/div>\n\t\t<\/div>\n\t\t\t\t\t\t<\/div>\n\t\t\t\t<\/div>\n\t\t\t\t<div class=\"elementor-element elementor-element-600176b elementor-widget elementor-widget-heading\" data-id=\"600176b\" data-element_type=\"widget\" data-e-type=\"widget\" data-widget_type=\"heading.default\">\n\t\t\t\t<div class=\"elementor-widget-container\">\n\t\t\t\t\t<h2 class=\"elementor-heading-title elementor-size-default\">Nogales del Valle es<br>una inversi\u00f3n en tu calidad de vida<br><\/h2>\t\t\t\t<\/div>\n\t\t\t\t<\/div>\n\t\t\t\t\t<\/div>\n\t\t\t\t<\/div>\n\t\t<div class=\"elementor-element elementor-element-963e75a e-flex e-con-boxed e-con e-parent\" data-id=\"963e75a\" data-element_type=\"container\" data-e-type=\"container\">\n\t\t\t\t\t<div class=\"e-con-inner\">\n\t\t\t\t<div class=\"elementor-element elementor-element-d821f32 elementor-widget elementor-widget-spacer\" data-id=\"d821f32\" data-element_type=\"widget\" data-e-type=\"widget\" data-widget_type=\"spacer.default\">\n\t\t\t\t<div class=\"elementor-widget-container\">\n\t\t\t\t\t\t\t<div class=\"elementor-spacer\">\n\t\t\t<div class=\"elementor-spacer-inner\"><\/div>\n\t\t<\/div>\n\t\t\t\t\t\t<\/div>\n\t\t\t\t<\/div>\n\t\t\t\t\t<\/div>\n\t\t\t\t<\/div>\n\t\t\t\t<\/div>\n\t\t","protected":false},"excerpt":{"rendered":"<p>Chacras productivas agroecol\u00f3gicas en Traslasierra, C\u00f3rdoba Chacras de 5 hect\u00e1reas para vivienda y producci\u00f3n org\u00e1nica en un entorno natural \u00fanico. Ubicadas en Traslasierra, C\u00f3rdoba, a solo 10 km de Merlo (San Luis). Escritura inmediata. Financiamiento disponible, adaptado a cada proyecto de vida. Opciones con nogales ya implantados, sin nogales (aptas para otras producciones) y con nogales de 2 a\u00f1os o m\u00e1s. Riego por goteo desde perforaci\u00f3n com\u00fan (130 m de profundidad, bomba a 75 m). Consultanos si quer\u00e9s m\u00e1s info o agendar una visita Lotes con escritura inmediata A 10 km de Merlo, San Luis y a 14 km de La Paz Una inversi\u00f3n en tu estilo de vida Una comunidad de chacras\u00a0asentada en Traslasierra, C\u00f3rdoba. Contacto Tu nombre Tu correo electr\u00f3nico Tu tel\u00e9fono Asunto Tu mensaje (opcional) Nogales del Valle esuna inversi\u00f3n en tu calidad de vida<\/p>\n","protected":false},"author":1,"featured_media":0,"parent":0,"menu_order":0,"comment_status":"closed","ping_status":"closed","template":"elementor_header_footer","meta":{"footnotes":""},"class_list":["post-10","page","type-page","status-publish"],"_links":{"self":[{"href":"https:\/\/nogalesdelvalle.com.ar\/index.php?rest_route=\/wp\/v2\/pages\/10","targetHints":{"allow":["GET"]}}],"collection":[{"href":"https:\/\/nogalesdelvalle.com.ar\/index.php?rest_route=\/wp\/v2\/pages"}],"about":[{"href":"https:\/\/nogalesdelvalle.com.ar\/index.php?rest_route=\/wp\/v2\/types\/page"}],"author":[{"embeddable":true,"href":"https:\/\/nogalesdelvalle.com.ar\/index.php?rest_route=\/wp\/v2\/users\/1"}],"replies":[{"embeddable":true,"href":"https:\/\/nogalesdelvalle.com.ar\/index.php?rest_route=%2Fwp%2Fv2%2Fcomments&post=10"}],"version-history":[{"count":59,"href":"https:\/\/nogalesdelvalle.com.ar\/index.php?rest_route=\/wp\/v2\/pages\/10\/revisions"}],"predecessor-version":[{"id":116,"href":"https:\/\/nogalesdelvalle.com.ar\/index.php?rest_route=\/wp\/v2\/pages\/10\/revisions\/116"}],"wp:attachment":[{"href":"https:\/\/nogalesdelvalle.com.ar\/index.php?rest_route=%2Fwp%2Fv2%2Fmedia&parent=10"}],"curies":[{"name":"wp","href":"https:\/\/api.w.org\/{rel}","templated":true}]}}